{"id":11732,"date":"2023-06-20T10:11:26","date_gmt":"2023-06-20T10:11:26","guid":{"rendered":"http:\/\/yesofcourse.es\/?page_id=11732"},"modified":"2024-06-03T08:50:23","modified_gmt":"2024-06-03T08:50:23","slug":"contacto","status":"publish","type":"page","link":"https:\/\/webantigua.yesofcourse.es\/index.php\/contacto\/","title":{"rendered":"Contacto"},"content":{"rendered":"\t\t<div data-elementor-type=\"wp-page\" data-elementor-id=\"11732\" class=\"elementor elementor-11732\">\n\t\t\t\t\t\t<section class=\"elementor-section elementor-top-section elementor-element elementor-element-f10b9b6 elementor-section-boxed elementor-section-height-default elementor-section-height-default\" data-id=\"f10b9b6\" data-element_type=\"section\">\n\t\t\t\t\t\t<div class=\"elementor-container elementor-column-gap-default\">\n\t\t\t\t\t<div class=\"elementor-column elementor-col-100 elementor-top-column elementor-element elementor-element-37fd570\" data-id=\"37fd570\" data-element_type=\"column\">\n\t\t\t<div class=\"elementor-widget-wrap elementor-element-populated\">\n\t\t\t\t\t\t<div class=\"elementor-element elementor-element-cf86d03 elementor-widget elementor-widget-heading\" data-id=\"cf86d03\" data-element_type=\"widget\" data-widget_type=\"heading.default\">\n\t\t\t\t<div class=\"elementor-widget-container\">\n\t\t\t\t\t<h2 class=\"elementor-heading-title elementor-size-default\">\u00bfDONDE ENCONTRARNOS?<\/h2>\t\t\t\t<\/div>\n\t\t\t\t<\/div>\n\t\t\t\t<div class=\"elementor-element elementor-element-da7cfd4 elementor-widget elementor-widget-text-editor\" data-id=\"da7cfd4\" data-element_type=\"widget\" data-widget_type=\"text-editor.default\">\n\t\t\t\t<div class=\"elementor-widget-container\">\n\t\t\t\t\t\t\t\t\t<p><span style=\"color: #000000;\">Yes Of Course Academy tiene su sede en un lugar accesible y c\u00e9ntrico para tu comodidad. Nos encontramos en:<\/span><\/p>\n<p><span style=\"color: #000000;\"><b>Pl. de las Bodegas, bloque 2, local 3, 11408 Jerez de la Frontera, C\u00e1diz<\/b><\/span><\/p>\n<p><span style=\"color: #000000;\">Ven a Visitarnos<\/span><\/p>\n<p><span style=\"color: #000000;\">Estamos ubicados en una zona de f\u00e1cil acceso, perfecta para estudiantes de todas las edades. Nuestra ubicaci\u00f3n te permite llegar c\u00f3modamente en transporte p\u00fablico o en coche.<\/span><\/p>\n<p><span style=\"color: #000000;\"><b><u>\u00bfPor Qu\u00e9 Visitarnos?<\/u><\/b><\/span><\/p>\n<p><span style=\"color: #000000;\">&#8211; Ambiente Acogedor: Nuestras instalaciones est\u00e1n dise\u00f1adas para ofrecer un entorno de aprendizaje c\u00f3modo y motivador.<\/span><br><span style=\"color: #000000;\">&#8211; Recursos Modernos: Contamos con tecnolog\u00eda y materiales did\u00e1cticos actualizados para optimizar tu experiencia educativa.<\/span><br><span style=\"color: #000000;\">&#8211; Atenci\u00f3n Personalizada: Nuestro equipo est\u00e1 siempre dispuesto a ayudarte y proporcionarte la informaci\u00f3n que necesites.<\/span><\/p>\n<p><span style=\"color: #000000;\"><b><u>Horarios de Atenci\u00f3n<\/u><\/b><\/span><\/p>\n<p><span style=\"color: #000000;\">Estamos disponibles para recibirte y asistirte en nuestros horarios de atenci\u00f3n:<\/span><\/p>\n<p><span style=\"color: #000000;\">&#8211; Lunes a Viernes: 10:00 AM &#8211; 13:00 AM ; 16:00 PM &#8211; 21:00 PM<\/span><\/p>\n<p><span style=\"color: #000000;\"><b><u>Cont\u00e1ctanos<\/u><\/b><\/span><\/p>\n<p><span style=\"color: #000000;\">Si tienes alguna pregunta o deseas m\u00e1s informaci\u00f3n, no dudes en ponerte en contacto con nosotros:<\/span><\/p>\n<p><span style=\"color: #000000;\">&#8211; <b>Tel\u00e9fono<\/b>:&nbsp;956 08 80 18<\/span><br><span style=\"color: #000000;\">&#8211; <b>Email<\/b>: info@yesofcourse.es<\/span><\/p>\n<p><span style=\"color: #000000;\">\u00a1Te esperamos en Yes Of Course Academy para comenzar tu viaje hacia el dominio del ingl\u00e9s!<\/span><\/p>\t\t\t\t\t\t\t\t<\/div>\n\t\t\t\t<\/div>\n\t\t\t\t\t<\/div>\n\t\t<\/div>\n\t\t\t\t\t<\/div>\n\t\t<\/section>\n\t\t\t\t<section class=\"elementor-section elementor-top-section elementor-element elementor-element-bc7fd71 elementor-section-boxed elementor-section-height-default elementor-section-height-default\" data-id=\"bc7fd71\" data-element_type=\"section\">\n\t\t\t\t\t\t<div class=\"elementor-container elementor-column-gap-default\">\n\t\t\t\t\t<div class=\"elementor-column elementor-col-100 elementor-top-column elementor-element elementor-element-48d918f\" data-id=\"48d918f\" data-element_type=\"column\">\n\t\t\t<div class=\"elementor-widget-wrap elementor-element-populated\">\n\t\t\t\t\t\t<div class=\"elementor-element elementor-element-8d203e3 elementor-widget elementor-widget-google_maps\" data-id=\"8d203e3\" data-element_type=\"widget\" data-widget_type=\"google_maps.default\">\n\t\t\t\t<div class=\"elementor-widget-container\">\n\t\t\t\t\t\t\t<div class=\"elementor-custom-embed\">\n\t\t\t<iframe loading=\"lazy\"\n\t\t\t\t\tsrc=\"https:\/\/maps.google.com\/maps?q=Pl.%20de%20las%20Bodegas%2C%20bq.2%2C%20local%203%2C%2011408%20Jerez%20de%20la%20Frontera%2C%20C%C3%A1diz&#038;t=m&#038;z=15&#038;output=embed&#038;iwloc=near\"\n\t\t\t\t\ttitle=\"Pl. de las Bodegas, bq.2, local 3, 11408 Jerez de la Frontera, C\u00e1diz\"\n\t\t\t\t\taria-label=\"Pl. de las Bodegas, bq.2, local 3, 11408 Jerez de la Frontera, C\u00e1diz\"\n\t\t\t><\/iframe>\n\t\t<\/div>\n\t\t\t\t\t\t<\/div>\n\t\t\t\t<\/div>\n\t\t\t\t\t<\/div>\n\t\t<\/div>\n\t\t\t\t\t<\/div>\n\t\t<\/section>\n\t\t\t\t<section class=\"elementor-section elementor-top-section elementor-element elementor-element-4d9aee10 elementor-section-height-full elementor-section-content-middle elementor-section-boxed elementor-section-height-default elementor-section-items-middle\" data-id=\"4d9aee10\" data-element_type=\"section\" data-settings=\"{&quot;background_background&quot;:&quot;classic&quot;}\">\n\t\t\t\t\t\t\t<div class=\"elementor-background-overlay\"><\/div>\n\t\t\t\t\t\t\t<div class=\"elementor-container elementor-column-gap-default\">\n\t\t\t\t\t<div class=\"elementor-column elementor-col-100 elementor-top-column elementor-element elementor-element-33db829a\" data-id=\"33db829a\" data-element_type=\"column\" data-settings=\"{&quot;background_background&quot;:&quot;classic&quot;}\">\n\t\t\t<div class=\"elementor-widget-wrap elementor-element-populated\">\n\t\t\t\t\t<div class=\"elementor-background-overlay\"><\/div>\n\t\t\t\t\t\t<div class=\"elementor-element elementor-element-48e528b0 elementor-widget elementor-widget-shortcode\" data-id=\"48e528b0\" data-element_type=\"widget\" data-widget_type=\"shortcode.default\">\n\t\t\t\t<div class=\"elementor-widget-container\">\n\t\t\t\t\t\t\t<div class=\"elementor-shortcode\"><style id=\"wpforms-css-vars-11723\">\n\t\t\t\t#wpforms-11723 {\n\t\t\t\t\n\t\t\t}\n\t\t\t<\/style><div class=\"wpforms-container wpforms-container-full wpforms-render-modern\" id=\"wpforms-11723\"><form id=\"wpforms-form-11723\" class=\"wpforms-validate wpforms-form wpforms-ajax-form\" data-formid=\"11723\" method=\"post\" enctype=\"multipart\/form-data\" action=\"\/index.php\/wp-json\/wp\/v2\/pages\/11732\" data-token=\"ee0467b2136c25e8b6f54cac16d40960\" data-token-time=\"1778063131\"><noscript class=\"wpforms-error-noscript\">Por favor, activa JavaScript en tu navegador para completar este formulario.<\/noscript><div id=\"wpforms-error-noscript\" style=\"display: none;\">Por favor, activa JavaScript en tu navegador para completar este formulario.<\/div><div class=\"wpforms-field-container\"><div id=\"wpforms-11723-field_0-container\" class=\"wpforms-field wpforms-field-name\" data-field-id=\"0\"><fieldset><legend class=\"wpforms-field-label\">Nombre <span class=\"wpforms-required-label\" aria-hidden=\"true\">*<\/span><\/legend><div class=\"wpforms-field-row wpforms-field-medium\"><div class=\"wpforms-field-row-block wpforms-first wpforms-one-half\"><input type=\"text\" id=\"wpforms-11723-field_0\" class=\"wpforms-field-name-first wpforms-field-required\" name=\"wpforms[fields][0][first]\" aria-errormessage=\"wpforms-11723-field_0-error\" required><label for=\"wpforms-11723-field_0\" class=\"wpforms-field-sublabel after\">Nombre<\/label><\/div><div class=\"wpforms-field-row-block wpforms-one-half\"><input type=\"text\" id=\"wpforms-11723-field_0-last\" class=\"wpforms-field-name-last wpforms-field-required\" name=\"wpforms[fields][0][last]\" aria-errormessage=\"wpforms-11723-field_0-last-error\" required><label for=\"wpforms-11723-field_0-last\" class=\"wpforms-field-sublabel after\">Apellidos<\/label><\/div><\/div><\/fieldset><\/div><div id=\"wpforms-11723-field_3-container\" class=\"wpforms-field wpforms-field-number\" data-field-id=\"3\"><label class=\"wpforms-field-label\" for=\"wpforms-11723-field_3\">N\u00famero de tel\u00e9fono <span class=\"wpforms-required-label\" aria-hidden=\"true\">*<\/span><\/label><input type=\"number\" id=\"wpforms-11723-field_3\" class=\"wpforms-field-medium wpforms-field-required\" name=\"wpforms[fields][3]\" step=\"any\" aria-errormessage=\"wpforms-11723-field_3-error\" required><\/div><div id=\"wpforms-11723-field_1-container\" class=\"wpforms-field wpforms-field-email\" data-field-id=\"1\"><label class=\"wpforms-field-label\" for=\"wpforms-11723-field_1\">Correo electr\u00f3nico <span class=\"wpforms-required-label\" aria-hidden=\"true\">*<\/span><\/label><input type=\"email\" id=\"wpforms-11723-field_1\" class=\"wpforms-field-medium wpforms-field-required\" name=\"wpforms[fields][1]\" spellcheck=\"false\" aria-errormessage=\"wpforms-11723-field_1-error\" required><\/div><div id=\"wpforms-11723-field_2-container\" class=\"wpforms-field wpforms-field-textarea\" data-field-id=\"2\"><label class=\"wpforms-field-label\" for=\"wpforms-11723-field_2\">Comentario o mensaje<\/label><textarea id=\"wpforms-11723-field_2\" class=\"wpforms-field-medium\" name=\"wpforms[fields][2]\" aria-errormessage=\"wpforms-11723-field_2-error\" ><\/textarea><\/div><\/div><!-- .wpforms-field-container --><div class=\"wpforms-submit-container\" ><input type=\"hidden\" name=\"wpforms[id]\" value=\"11723\"><input type=\"hidden\" name=\"page_title\" value=\"\"><input type=\"hidden\" name=\"page_url\" value=\"https:\/\/webantigua.yesofcourse.es\/index.php\/wp-json\/wp\/v2\/pages\/11732\"><input type=\"hidden\" name=\"url_referer\" value=\"\"><button type=\"submit\" name=\"wpforms[submit]\" id=\"wpforms-submit-11723\" class=\"wpforms-submit\" data-alt-text=\"Enviando...\" data-submit-text=\"Enviar\" aria-live=\"assertive\" value=\"wpforms-submit\">Enviar<\/button><img decoding=\"async\" src=\"https:\/\/webantigua.yesofcourse.es\/wp-content\/plugins\/wpforms-lite\/assets\/images\/submit-spin.svg\" class=\"wpforms-submit-spinner\" style=\"display: none;\" width=\"26\" height=\"26\" alt=\"Cargando\"><\/div><\/form><\/div>  <!-- .wpforms-container --><\/div>\n\t\t\t\t\t\t<\/div>\n\t\t\t\t<\/div>\n\t\t\t\t\t<\/div>\n\t\t<\/div>\n\t\t\t\t\t<\/div>\n\t\t<\/section>\n\t\t\t\t<\/div>\n\t\t","protected":false},"excerpt":{"rendered":"<p>\u00bfDONDE ENCONTRARNOS? Yes Of Course Academy tiene su sede en un lugar accesible y c\u00e9ntrico para tu comodidad. Nos encontramos&#8230;<\/p>\n","protected":false},"author":1,"featured_media":0,"parent":0,"menu_order":0,"comment_status":"closed","ping_status":"closed","template":"","meta":{"_kad_post_transparent":"default","_kad_post_title":"default","_kad_post_layout":"default","_kad_post_sidebar_id":"","_kad_post_content_style":"default","_kad_post_vertical_padding":"default","_kad_post_feature":"","_kad_post_feature_position":"","_kad_post_header":false,"_kad_post_footer":false,"footnotes":""},"class_list":["post-11732","page","type-page","status-publish","hentry"],"_links":{"self":[{"href":"https:\/\/webantigua.yesofcourse.es\/index.php\/wp-json\/wp\/v2\/pages\/11732","targetHints":{"allow":["GET"]}}],"collection":[{"href":"https:\/\/webantigua.yesofcourse.es\/index.php\/wp-json\/wp\/v2\/pages"}],"about":[{"href":"https:\/\/webantigua.yesofcourse.es\/index.php\/wp-json\/wp\/v2\/types\/page"}],"author":[{"embeddable":true,"href":"https:\/\/webantigua.yesofcourse.es\/index.php\/wp-json\/wp\/v2\/users\/1"}],"replies":[{"embeddable":true,"href":"https:\/\/webantigua.yesofcourse.es\/index.php\/wp-json\/wp\/v2\/comments?post=11732"}],"version-history":[{"count":34,"href":"https:\/\/webantigua.yesofcourse.es\/index.php\/wp-json\/wp\/v2\/pages\/11732\/revisions"}],"predecessor-version":[{"id":20397,"href":"https:\/\/webantigua.yesofcourse.es\/index.php\/wp-json\/wp\/v2\/pages\/11732\/revisions\/20397"}],"wp:attachment":[{"href":"https:\/\/webantigua.yesofcourse.es\/index.php\/wp-json\/wp\/v2\/media?parent=11732"}],"curies":[{"name":"wp","href":"https:\/\/api.w.org\/{rel}","templated":true}]}}