{"id":7,"date":"2022-01-24T10:04:20","date_gmt":"2022-01-24T10:04:20","guid":{"rendered":"https:\/\/kadence.pixel-show.com\/design-course\/?page_id=7"},"modified":"2024-06-03T18:45:42","modified_gmt":"2024-06-03T18:45:42","slug":"about","status":"publish","type":"page","link":"https:\/\/webantigua.yesofcourse.es\/index.php\/about\/","title":{"rendered":"CON\u00d3CENOS"},"content":{"rendered":"\t\t<div data-elementor-type=\"wp-page\" data-elementor-id=\"7\" class=\"elementor elementor-7\">\n\t\t\t\t\t\t<section class=\"elementor-section elementor-top-section elementor-element elementor-element-d29160f elementor-section-boxed elementor-section-height-default elementor-section-height-default\" data-id=\"d29160f\" data-element_type=\"section\">\n\t\t\t\t\t\t<div class=\"elementor-container elementor-column-gap-default\">\n\t\t\t\t\t<div class=\"elementor-column elementor-col-100 elementor-top-column elementor-element elementor-element-edb87fc\" data-id=\"edb87fc\" data-element_type=\"column\">\n\t\t\t<div class=\"elementor-widget-wrap elementor-element-populated\">\n\t\t\t\t\t\t<div class=\"elementor-element elementor-element-e3f638e elementor-widget elementor-widget-spacer\" data-id=\"e3f638e\" data-element_type=\"widget\" data-widget_type=\"spacer.default\">\n\t\t\t\t<div class=\"elementor-widget-container\">\n\t\t\t\t\t\t\t<div class=\"elementor-spacer\">\n\t\t\t<div class=\"elementor-spacer-inner\"><\/div>\n\t\t<\/div>\n\t\t\t\t\t\t<\/div>\n\t\t\t\t<\/div>\n\t\t\t\t\t<\/div>\n\t\t<\/div>\n\t\t\t\t\t<\/div>\n\t\t<\/section>\n\t\t\t\t<section class=\"elementor-section elementor-top-section elementor-element elementor-element-d911832 elementor-section-boxed elementor-section-height-default elementor-section-height-default\" data-id=\"d911832\" data-element_type=\"section\">\n\t\t\t\t\t\t<div class=\"elementor-container elementor-column-gap-default\">\n\t\t\t\t\t<div class=\"elementor-column elementor-col-100 elementor-top-column elementor-element elementor-element-5c05d14\" data-id=\"5c05d14\" data-element_type=\"column\">\n\t\t\t<div class=\"elementor-widget-wrap elementor-element-populated\">\n\t\t\t\t\t\t<div class=\"elementor-element elementor-element-43e2723 elementor-invisible elementor-widget elementor-widget-heading\" data-id=\"43e2723\" data-element_type=\"widget\" data-settings=\"{&quot;_animation&quot;:&quot;rollIn&quot;}\" data-widget_type=\"heading.default\">\n\t\t\t\t<div class=\"elementor-widget-container\">\n\t\t\t\t\t<h2 class=\"elementor-heading-title elementor-size-default\">\u00bfQUI\u00c9NES SOMOS?<\/h2>\t\t\t\t<\/div>\n\t\t\t\t<\/div>\n\t\t\t\t\t<\/div>\n\t\t<\/div>\n\t\t\t\t\t<\/div>\n\t\t<\/section>\n\t\t\t\t<section class=\"elementor-section elementor-top-section elementor-element elementor-element-19bbf1c elementor-section-stretched elementor-section-boxed elementor-section-height-default elementor-section-height-default\" data-id=\"19bbf1c\" data-element_type=\"section\" data-settings=\"{&quot;stretch_section&quot;:&quot;section-stretched&quot;}\">\n\t\t\t\t\t\t<div class=\"elementor-container elementor-column-gap-default\">\n\t\t\t\t\t<div class=\"elementor-column elementor-col-50 elementor-top-column elementor-element elementor-element-3debb39\" data-id=\"3debb39\" data-element_type=\"column\">\n\t\t\t<div class=\"elementor-widget-wrap elementor-element-populated\">\n\t\t\t\t\t\t<div class=\"elementor-element elementor-element-0bececc elementor-invisible elementor-widget elementor-widget-image\" data-id=\"0bececc\" data-element_type=\"widget\" data-settings=\"{&quot;_animation&quot;:&quot;fadeInLeft&quot;}\" data-widget_type=\"image.default\">\n\t\t\t\t<div class=\"elementor-widget-container\">\n\t\t\t\t\t\t\t\t\t\t\t\t\t\t\t<img fetchpriority=\"high\" decoding=\"async\" width=\"1600\" height=\"1200\" src=\"https:\/\/webantigua.yesofcourse.es\/wp-content\/uploads\/2024\/05\/WhatsApp-Image-2024-05-30-at-10.59.18-2.jpeg\" class=\"attachment-full size-full wp-image-19516\" alt=\"\" srcset=\"https:\/\/webantigua.yesofcourse.es\/wp-content\/uploads\/2024\/05\/WhatsApp-Image-2024-05-30-at-10.59.18-2.jpeg 1600w, https:\/\/webantigua.yesofcourse.es\/wp-content\/uploads\/2024\/05\/WhatsApp-Image-2024-05-30-at-10.59.18-2-300x225.jpeg 300w, https:\/\/webantigua.yesofcourse.es\/wp-content\/uploads\/2024\/05\/WhatsApp-Image-2024-05-30-at-10.59.18-2-1024x768.jpeg 1024w, https:\/\/webantigua.yesofcourse.es\/wp-content\/uploads\/2024\/05\/WhatsApp-Image-2024-05-30-at-10.59.18-2-768x576.jpeg 768w, https:\/\/webantigua.yesofcourse.es\/wp-content\/uploads\/2024\/05\/WhatsApp-Image-2024-05-30-at-10.59.18-2-1536x1152.jpeg 1536w, https:\/\/webantigua.yesofcourse.es\/wp-content\/uploads\/2024\/05\/WhatsApp-Image-2024-05-30-at-10.59.18-2-1440x1080.jpeg 1440w, https:\/\/webantigua.yesofcourse.es\/wp-content\/uploads\/2024\/05\/elementor\/thumbs\/WhatsApp-Image-2024-05-30-at-10.59.18-2-qowz46y0tqw8pwas2ftz8s443zq3e272yo6cnh5mp4.jpeg 1200w\" sizes=\"(max-width: 1600px) 100vw, 1600px\" \/>\t\t\t\t\t\t\t\t\t\t\t\t\t\t\t<\/div>\n\t\t\t\t<\/div>\n\t\t\t\t<div class=\"elementor-element elementor-element-dc3940e elementor-widget elementor-widget-spacer\" data-id=\"dc3940e\" data-element_type=\"widget\" data-widget_type=\"spacer.default\">\n\t\t\t\t<div class=\"elementor-widget-container\">\n\t\t\t\t\t\t\t<div class=\"elementor-spacer\">\n\t\t\t<div class=\"elementor-spacer-inner\"><\/div>\n\t\t<\/div>\n\t\t\t\t\t\t<\/div>\n\t\t\t\t<\/div>\n\t\t\t\t<div class=\"elementor-element elementor-element-5434016 elementor-widget__width-inherit elementor-invisible elementor-widget elementor-widget-image\" data-id=\"5434016\" data-element_type=\"widget\" data-settings=\"{&quot;_animation&quot;:&quot;fadeInLeft&quot;}\" data-widget_type=\"image.default\">\n\t\t\t\t<div class=\"elementor-widget-container\">\n\t\t\t\t\t\t\t\t\t\t\t\t\t\t\t<img decoding=\"async\" width=\"2000\" height=\"1500\" src=\"https:\/\/webantigua.yesofcourse.es\/wp-content\/uploads\/2023\/05\/WhatsApp-Image-2022-03-31-at-1.07.22-PM.jpeg\" class=\"attachment-full size-full wp-image-8409\" alt=\"\" srcset=\"https:\/\/webantigua.yesofcourse.es\/wp-content\/uploads\/2023\/05\/WhatsApp-Image-2022-03-31-at-1.07.22-PM.jpeg 2000w, https:\/\/webantigua.yesofcourse.es\/wp-content\/uploads\/2023\/05\/WhatsApp-Image-2022-03-31-at-1.07.22-PM-300x225.jpeg 300w, https:\/\/webantigua.yesofcourse.es\/wp-content\/uploads\/2023\/05\/WhatsApp-Image-2022-03-31-at-1.07.22-PM-1024x768.jpeg 1024w, https:\/\/webantigua.yesofcourse.es\/wp-content\/uploads\/2023\/05\/WhatsApp-Image-2022-03-31-at-1.07.22-PM-768x576.jpeg 768w, https:\/\/webantigua.yesofcourse.es\/wp-content\/uploads\/2023\/05\/WhatsApp-Image-2022-03-31-at-1.07.22-PM-1536x1152.jpeg 1536w\" sizes=\"(max-width: 2000px) 100vw, 2000px\" \/>\t\t\t\t\t\t\t\t\t\t\t\t\t\t\t<\/div>\n\t\t\t\t<\/div>\n\t\t\t\t\t<\/div>\n\t\t<\/div>\n\t\t\t\t<div class=\"elementor-column elementor-col-50 elementor-top-column elementor-element elementor-element-09fec25\" data-id=\"09fec25\" data-element_type=\"column\">\n\t\t\t<div class=\"elementor-widget-wrap elementor-element-populated\">\n\t\t\t\t\t\t<div class=\"elementor-element elementor-element-a1cfd6c elementor-invisible elementor-widget elementor-widget-text-editor\" data-id=\"a1cfd6c\" data-element_type=\"widget\" data-settings=\"{&quot;_animation&quot;:&quot;slideInDown&quot;}\" data-widget_type=\"text-editor.default\">\n\t\t\t\t<div class=\"elementor-widget-container\">\n\t\t\t\t\t\t\t\t\t<p class=\"_04xlpA direction-ltr align-start para-style-subtitle\"><span class=\"JsGRdQ\">En Yes of Course nos sentimos orgullosos y afortunados de decir que llevamos <span style=\"color: #ff0000;\">d<\/span><\/span><span class=\"JsGRdQ\" style=\"color: #ff0000;\">esde mayo del 2004<\/span><span class=\"JsGRdQ\">&nbsp;sirviendo como puente ling\u00fc\u00edstico y ayudando a nuestros alumnos <\/span><span class=\"JsGRdQ\">a superar las barreras que un idioma extranjero supone.<\/span><\/p>\n<p class=\"_04xlpA direction-ltr align-start para-style-subtitle\"><span class=\"JsGRdQ\">Nuestra m\u00e1xima es la excelencia y por ello en nuestro equipo contamos con profesionales <\/span><span class=\"JsGRdQ\">altamente cualificados, con amplia experiencia en el \u00e1mbito de la ense\u00f1anza, adem\u00e1s de <\/span><span class=\"JsGRdQ\">una gran vocaci\u00f3n por su trabajo.<\/span><\/p>\n<p class=\"_04xlpA direction-ltr align-start para-style-subtitle\"><span class=\"JsGRdQ\">Ofrecemos cursos para todos los niveles y una muestra de ello es la gran variedad que <\/span><span class=\"JsGRdQ\">presenta nuestro alumnado, desde ni\u00f1os de primaria hasta adultos que buscan romper <\/span><span class=\"JsGRdQ\">barreras y colocarse en un mercado laboral cada vez m\u00e1s competitivo.<\/span><\/p>\t\t\t\t\t\t\t\t<\/div>\n\t\t\t\t<\/div>\n\t\t\t\t<div class=\"elementor-element elementor-element-126e34f elementor-widget elementor-widget-spacer\" data-id=\"126e34f\" data-element_type=\"widget\" data-widget_type=\"spacer.default\">\n\t\t\t\t<div class=\"elementor-widget-container\">\n\t\t\t\t\t\t\t<div class=\"elementor-spacer\">\n\t\t\t<div class=\"elementor-spacer-inner\"><\/div>\n\t\t<\/div>\n\t\t\t\t\t\t<\/div>\n\t\t\t\t<\/div>\n\t\t\t\t<div class=\"elementor-element elementor-element-56646ce elementor-tablet-align-center elementor-align-center elementor-icon-list--layout-traditional elementor-list-item-link-full_width elementor-invisible elementor-widget elementor-widget-icon-list\" data-id=\"56646ce\" data-element_type=\"widget\" data-settings=\"{&quot;_animation&quot;:&quot;fadeInUp&quot;}\" data-widget_type=\"icon-list.default\">\n\t\t\t\t<div class=\"elementor-widget-container\">\n\t\t\t\t\t\t\t<ul class=\"elementor-icon-list-items\">\n\t\t\t\t\t\t\t<li class=\"elementor-icon-list-item\">\n\t\t\t\t\t\t\t\t\t\t\t<span class=\"elementor-icon-list-icon\">\n\t\t\t\t\t\t\t<i aria-hidden=\"true\" class=\"fas fa-check-circle\"><\/i>\t\t\t\t\t\t<\/span>\n\t\t\t\t\t\t\t\t\t\t<span class=\"elementor-icon-list-text\">Intensivo de verano A2, B1, B2, C1.<\/span>\n\t\t\t\t\t\t\t\t\t<\/li>\n\t\t\t\t\t\t\t\t<li class=\"elementor-icon-list-item\">\n\t\t\t\t\t\t\t\t\t\t\t<span class=\"elementor-icon-list-icon\">\n\t\t\t\t\t\t\t<i aria-hidden=\"true\" class=\"fas fa-check-circle\"><\/i>\t\t\t\t\t\t<\/span>\n\t\t\t\t\t\t\t\t\t\t<span class=\"elementor-icon-list-text\">Curso de ingl\u00e9s para todos los niveles.<\/span>\n\t\t\t\t\t\t\t\t\t<\/li>\n\t\t\t\t\t\t\t\t<li class=\"elementor-icon-list-item\">\n\t\t\t\t\t\t\t\t\t\t\t<span class=\"elementor-icon-list-icon\">\n\t\t\t\t\t\t\t<i aria-hidden=\"true\" class=\"fas fa-check-circle\"><\/i>\t\t\t\t\t\t<\/span>\n\t\t\t\t\t\t\t\t\t\t<span class=\"elementor-icon-list-text\">Clases presenciales y online.<\/span>\n\t\t\t\t\t\t\t\t\t<\/li>\n\t\t\t\t\t\t\t\t<li class=\"elementor-icon-list-item\">\n\t\t\t\t\t\t\t\t\t\t\t<span class=\"elementor-icon-list-icon\">\n\t\t\t\t\t\t\t<i aria-hidden=\"true\" class=\"fas fa-check-circle\"><\/i>\t\t\t\t\t\t<\/span>\n\t\t\t\t\t\t\t\t\t\t<span class=\"elementor-icon-list-text\">Clases personalizadas<\/span>\n\t\t\t\t\t\t\t\t\t<\/li>\n\t\t\t\t\t\t\t\t<li class=\"elementor-icon-list-item\">\n\t\t\t\t\t\t\t\t\t\t\t<span class=\"elementor-icon-list-icon\">\n\t\t\t\t\t\t\t<i aria-hidden=\"true\" class=\"fas fa-check-circle\"><\/i>\t\t\t\t\t\t<\/span>\n\t\t\t\t\t\t\t\t\t\t<span class=\"elementor-icon-list-text\">Plataforma online.<\/span>\n\t\t\t\t\t\t\t\t\t<\/li>\n\t\t\t\t\t\t<\/ul>\n\t\t\t\t\t\t<\/div>\n\t\t\t\t<\/div>\n\t\t\t\t<div class=\"elementor-element elementor-element-407f596 elementor-align-center elementor-tablet-align-center elementor-mobile-align-justify elementor-invisible elementor-widget elementor-widget-button\" data-id=\"407f596\" data-element_type=\"widget\" data-settings=\"{&quot;_animation&quot;:&quot;rotateIn&quot;}\" data-widget_type=\"button.default\">\n\t\t\t\t<div class=\"elementor-widget-container\">\n\t\t\t\t\t\t\t\t\t<div class=\"elementor-button-wrapper\">\n\t\t\t\t\t<a class=\"elementor-button elementor-button-link elementor-size-sm\" href=\"http:\/\/yesofcourse.es\/index.php\/courses\/\">\n\t\t\t\t\t\t<span class=\"elementor-button-content-wrapper\">\n\t\t\t\t\t\t\t\t\t<span class=\"elementor-button-text\">M\u00c1S INFORMACI\u00d3N DE CURSOS<\/span>\n\t\t\t\t\t<\/span>\n\t\t\t\t\t<\/a>\n\t\t\t\t<\/div>\n\t\t\t\t\t\t\t\t<\/div>\n\t\t\t\t<\/div>\n\t\t\t\t\t<\/div>\n\t\t<\/div>\n\t\t\t\t\t<\/div>\n\t\t<\/section>\n\t\t\t\t<section class=\"elementor-section elementor-top-section elementor-element elementor-element-f65d52f elementor-section-boxed elementor-section-height-default elementor-section-height-default\" data-id=\"f65d52f\" data-element_type=\"section\">\n\t\t\t\t\t\t<div class=\"elementor-container elementor-column-gap-default\">\n\t\t\t\t\t<div class=\"elementor-column elementor-col-100 elementor-top-column elementor-element elementor-element-d36632c\" data-id=\"d36632c\" data-element_type=\"column\">\n\t\t\t<div class=\"elementor-widget-wrap elementor-element-populated\">\n\t\t\t\t\t\t<div class=\"elementor-element elementor-element-bcffa93 elementor-widget elementor-widget-spacer\" data-id=\"bcffa93\" data-element_type=\"widget\" data-widget_type=\"spacer.default\">\n\t\t\t\t<div class=\"elementor-widget-container\">\n\t\t\t\t\t\t\t<div class=\"elementor-spacer\">\n\t\t\t<div class=\"elementor-spacer-inner\"><\/div>\n\t\t<\/div>\n\t\t\t\t\t\t<\/div>\n\t\t\t\t<\/div>\n\t\t\t\t\t<\/div>\n\t\t<\/div>\n\t\t\t\t\t<\/div>\n\t\t<\/section>\n\t\t\t\t<section class=\"elementor-section elementor-top-section elementor-element elementor-element-9182e8b elementor-section-stretched elementor-section-boxed elementor-section-height-default elementor-section-height-default\" data-id=\"9182e8b\" data-element_type=\"section\" data-settings=\"{&quot;background_background&quot;:&quot;classic&quot;,&quot;stretch_section&quot;:&quot;section-stretched&quot;}\">\n\t\t\t\t\t\t\t<div class=\"elementor-background-overlay\"><\/div>\n\t\t\t\t\t\t\t<div class=\"elementor-container elementor-column-gap-default\">\n\t\t\t\t\t<div class=\"elementor-column elementor-col-50 elementor-top-column elementor-element elementor-element-3b7f4c3\" data-id=\"3b7f4c3\" data-element_type=\"column\">\n\t\t\t<div class=\"elementor-widget-wrap elementor-element-populated\">\n\t\t\t\t\t\t<section class=\"elementor-section elementor-inner-section elementor-element elementor-element-a6a5f10 elementor-section-boxed elementor-section-height-default elementor-section-height-default elementor-invisible\" data-id=\"a6a5f10\" data-element_type=\"section\" data-settings=\"{&quot;animation&quot;:&quot;fadeInLeft&quot;}\">\n\t\t\t\t\t\t<div class=\"elementor-container elementor-column-gap-default\">\n\t\t\t\t\t<div class=\"elementor-column elementor-col-100 elementor-inner-column elementor-element elementor-element-08f7fb2\" data-id=\"08f7fb2\" data-element_type=\"column\">\n\t\t\t<div class=\"elementor-widget-wrap elementor-element-populated\">\n\t\t\t\t\t\t<div class=\"elementor-element elementor-element-f9c457d elementor-invisible elementor-widget elementor-widget-heading\" data-id=\"f9c457d\" data-element_type=\"widget\" data-settings=\"{&quot;_animation&quot;:&quot;fadeInLeft&quot;}\" data-widget_type=\"heading.default\">\n\t\t\t\t<div class=\"elementor-widget-container\">\n\t\t\t\t\t<h2 class=\"elementor-heading-title elementor-size-default\">CLASES ONLINE<\/h2>\t\t\t\t<\/div>\n\t\t\t\t<\/div>\n\t\t\t\t<div class=\"elementor-element elementor-element-789cdf3 elementor-invisible elementor-widget elementor-widget-text-editor\" data-id=\"789cdf3\" data-element_type=\"widget\" data-settings=\"{&quot;_animation&quot;:&quot;fadeInUp&quot;}\" data-widget_type=\"text-editor.default\">\n\t\t\t\t<div class=\"elementor-widget-container\">\n\t\t\t\t\t\t\t\t\t<p class=\"_04xlpA direction-ltr align-start para-style-subtitle\"><span class=\"JsGRdQ\">\u00bfSab\u00edais que todos nuestros alumnos tienen la posibilidad de hacer su <span style=\"color: #ff0000;\">clase online<\/span>? Nuestras aulas est\u00e1n equipada con un sistema de c\u00e1mara, pizarra digital y micr\u00f3fonos de ultima generaci\u00f3n que garantiza que nuestras <\/span><span class=\"JsGRdQ\">clases online<\/span><span class=\"JsGRdQ\"> sean de <span style=\"color: #ff0000;\">alta calidad.<\/span><\/span><\/p>\t\t\t\t\t\t\t\t<\/div>\n\t\t\t\t<\/div>\n\t\t\t\t<div class=\"elementor-element elementor-element-56e19ba elementor-align-center elementor-tablet-align-center elementor-mobile-align-justify elementor-invisible elementor-widget elementor-widget-button\" data-id=\"56e19ba\" data-element_type=\"widget\" data-settings=\"{&quot;_animation&quot;:&quot;fadeInUp&quot;}\" data-widget_type=\"button.default\">\n\t\t\t\t<div class=\"elementor-widget-container\">\n\t\t\t\t\t\t\t\t\t<div class=\"elementor-button-wrapper\">\n\t\t\t\t\t<a class=\"elementor-button elementor-button-link elementor-size-sm\" href=\"https:\/\/yesofcourse.es\/index.php\/contacto\/\">\n\t\t\t\t\t\t<span class=\"elementor-button-content-wrapper\">\n\t\t\t\t\t\t\t\t\t<span class=\"elementor-button-text\">M\u00c1S INFORMACI\u00d3N DE CONTACTO<\/span>\n\t\t\t\t\t<\/span>\n\t\t\t\t\t<\/a>\n\t\t\t\t<\/div>\n\t\t\t\t\t\t\t\t<\/div>\n\t\t\t\t<\/div>\n\t\t\t\t\t<\/div>\n\t\t<\/div>\n\t\t\t\t\t<\/div>\n\t\t<\/section>\n\t\t\t\t\t<\/div>\n\t\t<\/div>\n\t\t\t\t<div class=\"elementor-column elementor-col-50 elementor-top-column elementor-element elementor-element-3497853\" data-id=\"3497853\" data-element_type=\"column\">\n\t\t\t<div class=\"elementor-widget-wrap elementor-element-populated\">\n\t\t\t\t\t\t<section class=\"elementor-section elementor-inner-section elementor-element elementor-element-50baf7e elementor-section-content-middle elementor-section-boxed elementor-section-height-default elementor-section-height-default elementor-invisible\" data-id=\"50baf7e\" data-element_type=\"section\" data-settings=\"{&quot;animation&quot;:&quot;fadeInRight&quot;}\">\n\t\t\t\t\t\t<div class=\"elementor-container elementor-column-gap-default\">\n\t\t\t\t\t<div class=\"elementor-column elementor-col-50 elementor-inner-column elementor-element elementor-element-3a18a6b\" data-id=\"3a18a6b\" data-element_type=\"column\">\n\t\t\t<div class=\"elementor-widget-wrap elementor-element-populated\">\n\t\t\t\t\t\t<div class=\"elementor-element elementor-element-57ae5c7 elementor-widget__width-initial elementor-widget elementor-widget-image\" data-id=\"57ae5c7\" data-element_type=\"widget\" data-widget_type=\"image.default\">\n\t\t\t\t<div class=\"elementor-widget-container\">\n\t\t\t\t\t\t\t\t\t\t\t\t\t\t\t<img decoding=\"async\" width=\"1024\" height=\"685\" src=\"https:\/\/webantigua.yesofcourse.es\/wp-content\/uploads\/2023\/05\/people-sit-with-pads-on-lined-paper-and-take-notes-1024x685.jpg\" class=\"attachment-large size-large wp-image-9535\" alt=\"\" srcset=\"https:\/\/webantigua.yesofcourse.es\/wp-content\/uploads\/2023\/05\/people-sit-with-pads-on-lined-paper-and-take-notes-1024x685.jpg 1024w, https:\/\/webantigua.yesofcourse.es\/wp-content\/uploads\/2023\/05\/people-sit-with-pads-on-lined-paper-and-take-notes-300x201.jpg 300w, https:\/\/webantigua.yesofcourse.es\/wp-content\/uploads\/2023\/05\/people-sit-with-pads-on-lined-paper-and-take-notes-768x514.jpg 768w, https:\/\/webantigua.yesofcourse.es\/wp-content\/uploads\/2023\/05\/people-sit-with-pads-on-lined-paper-and-take-notes-1536x1028.jpg 1536w, https:\/\/webantigua.yesofcourse.es\/wp-content\/uploads\/2023\/05\/people-sit-with-pads-on-lined-paper-and-take-notes-2048x1371.jpg 2048w\" sizes=\"(max-width: 1024px) 100vw, 1024px\" \/>\t\t\t\t\t\t\t\t\t\t\t\t\t\t\t<\/div>\n\t\t\t\t<\/div>\n\t\t\t\t\t<\/div>\n\t\t<\/div>\n\t\t\t\t<div class=\"elementor-column elementor-col-50 elementor-inner-column elementor-element elementor-element-d763ce7\" data-id=\"d763ce7\" data-element_type=\"column\">\n\t\t\t<div class=\"elementor-widget-wrap elementor-element-populated\">\n\t\t\t\t\t\t<div class=\"elementor-element elementor-element-f9dc8d2 elementor-widget elementor-widget-image\" data-id=\"f9dc8d2\" data-element_type=\"widget\" data-widget_type=\"image.default\">\n\t\t\t\t<div class=\"elementor-widget-container\">\n\t\t\t\t\t\t\t\t\t\t\t\t\t\t\t<img decoding=\"async\" src=\"http:\/\/yesofcourse.es\/wp-content\/uploads\/2022\/03\/pexels-anna-tarazevich-7229068-scaled.jpg\" title=\"\" alt=\"\" loading=\"lazy\" \/>\t\t\t\t\t\t\t\t\t\t\t\t\t\t\t<\/div>\n\t\t\t\t<\/div>\n\t\t\t\t<div class=\"elementor-element elementor-element-d19b5bf elementor-widget elementor-widget-image\" data-id=\"d19b5bf\" data-element_type=\"widget\" data-widget_type=\"image.default\">\n\t\t\t\t<div class=\"elementor-widget-container\">\n\t\t\t\t\t\t\t\t\t\t\t\t\t\t\t<img decoding=\"async\" src=\"http:\/\/yesofcourse.es\/wp-content\/uploads\/2022\/03\/happy-woman-on-computer-scaled.jpg\" title=\"\" alt=\"\" loading=\"lazy\" \/>\t\t\t\t\t\t\t\t\t\t\t\t\t\t\t<\/div>\n\t\t\t\t<\/div>\n\t\t\t\t\t<\/div>\n\t\t<\/div>\n\t\t\t\t\t<\/div>\n\t\t<\/section>\n\t\t\t\t\t<\/div>\n\t\t<\/div>\n\t\t\t\t\t<\/div>\n\t\t<\/section>\n\t\t\t\t<section class=\"elementor-section elementor-top-section elementor-element elementor-element-0369c34 elementor-section-boxed elementor-section-height-default elementor-section-height-default\" data-id=\"0369c34\" data-element_type=\"section\">\n\t\t\t\t\t\t<div class=\"elementor-container elementor-column-gap-default\">\n\t\t\t\t\t<div class=\"elementor-column elementor-col-100 elementor-top-column elementor-element elementor-element-dca0193\" data-id=\"dca0193\" data-element_type=\"column\">\n\t\t\t<div class=\"elementor-widget-wrap elementor-element-populated\">\n\t\t\t\t\t\t<div class=\"elementor-element elementor-element-cc8f922 elementor-widget elementor-widget-spacer\" data-id=\"cc8f922\" data-element_type=\"widget\" data-widget_type=\"spacer.default\">\n\t\t\t\t<div class=\"elementor-widget-container\">\n\t\t\t\t\t\t\t<div class=\"elementor-spacer\">\n\t\t\t<div class=\"elementor-spacer-inner\"><\/div>\n\t\t<\/div>\n\t\t\t\t\t\t<\/div>\n\t\t\t\t<\/div>\n\t\t\t\t\t<\/div>\n\t\t<\/div>\n\t\t\t\t\t<\/div>\n\t\t<\/section>\n\t\t\t\t<\/div>\n\t\t","protected":false},"excerpt":{"rendered":"<p>\u00bfQUI\u00c9NES SOMOS? En Yes of Course nos sentimos orgullosos y afortunados de decir que llevamos desde mayo del 2004&nbsp;sirviendo como&#8230;<\/p>\n","protected":false},"author":1,"featured_media":0,"parent":0,"menu_order":0,"comment_status":"closed","ping_status":"closed","template":"","meta":{"_kad_post_transparent":"","_kad_post_title":"hide","_kad_post_layout":"fullwidth","_kad_post_sidebar_id":"","_kad_post_content_style":"unboxed","_kad_post_vertical_padding":"hide","_kad_post_feature":"hide","_kad_post_feature_position":"","_kad_post_header":false,"_kad_post_footer":false,"footnotes":""},"class_list":["post-7","page","type-page","status-publish","hentry"],"_links":{"self":[{"href":"https:\/\/webantigua.yesofcourse.es\/index.php\/wp-json\/wp\/v2\/pages\/7","targetHints":{"allow":["GET"]}}],"collection":[{"href":"https:\/\/webantigua.yesofcourse.es\/index.php\/wp-json\/wp\/v2\/pages"}],"about":[{"href":"https:\/\/webantigua.yesofcourse.es\/index.php\/wp-json\/wp\/v2\/types\/page"}],"author":[{"embeddable":true,"href":"https:\/\/webantigua.yesofcourse.es\/index.php\/wp-json\/wp\/v2\/users\/1"}],"replies":[{"embeddable":true,"href":"https:\/\/webantigua.yesofcourse.es\/index.php\/wp-json\/wp\/v2\/comments?post=7"}],"version-history":[{"count":173,"href":"https:\/\/webantigua.yesofcourse.es\/index.php\/wp-json\/wp\/v2\/pages\/7\/revisions"}],"predecessor-version":[{"id":20806,"href":"https:\/\/webantigua.yesofcourse.es\/index.php\/wp-json\/wp\/v2\/pages\/7\/revisions\/20806"}],"wp:attachment":[{"href":"https:\/\/webantigua.yesofcourse.es\/index.php\/wp-json\/wp\/v2\/media?parent=7"}],"curies":[{"name":"wp","href":"https:\/\/api.w.org\/{rel}","templated":true}]}}